{"id":476,"date":"2024-07-07T13:42:41","date_gmt":"2024-07-07T11:42:41","guid":{"rendered":"https:\/\/vero-treuhand.ch\/?page_id=476"},"modified":"2024-07-07T13:42:41","modified_gmt":"2024-07-07T11:42:41","slug":"salaire","status":"publish","type":"page","link":"https:\/\/vero-treuhand.ch\/index.php\/salaire\/","title":{"rendered":"Salaire"},"content":{"rendered":"\n<p class=\"has-large-font-size\"><strong>Confiez-Moi la Gestion de Votre Paie en Toute Confiance !<\/strong><\/p>\n\n\n\n<p>La gestion de la paie peut \u00eatre compliqu\u00e9e et laborieuse, mais elle est essentielle pour le bon fonctionnement de votre entreprise et la satisfaction de vos employ\u00e9s. En tant que prestataire ind\u00e9pendante de services comptables, je vous propose de prendre en charge cette t\u00e2che d\u00e9licate avec professionnalisme et efficacit\u00e9, vous permettant ainsi de vous concentrer sur le c\u0153ur de votre activit\u00e9.<\/p>\n\n\n\n<p><strong>Pourquoi Confier la Gestion de Votre Paie \u00e0 un Expert ?<\/strong><\/p>\n\n\n\n<ul class=\"wp-block-list\">\n<li><strong>Pr\u00e9cision et Conformit\u00e9<\/strong>\n<ul class=\"wp-block-list\">\n<li>Je veille \u00e0 ce que toutes les op\u00e9rations de paie soient effectu\u00e9es avec une pr\u00e9cision absolue et en conformit\u00e9 avec les r\u00e9glementations en vigueur.<\/li>\n<\/ul>\n<\/li>\n\n\n\n<li><strong>Gain de Temps et Efficacit\u00e9<\/strong>\n<ul class=\"wp-block-list\">\n<li>En externalisant la gestion de votre paie, vous \u00e9conomisez un temps pr\u00e9cieux et assurez un traitement rapide et efficace des salaires de vos employ\u00e9s.<\/li>\n<\/ul>\n<\/li>\n\n\n\n<li><strong>R\u00e9duction du Stress<\/strong>\n<ul class=\"wp-block-list\">\n<li>Je prends en charge toutes les d\u00e9marches administratives li\u00e9es \u00e0 la paie, r\u00e9duisant ainsi votre charge mentale et le stress associ\u00e9.<\/li>\n<\/ul>\n<\/li>\n\n\n\n<li><strong>Confiance et Confidentialit\u00e9<\/strong>\n<ul class=\"wp-block-list\">\n<li>J\u2019assure la confidentialit\u00e9 de toutes les informations salariales et sociales de votre entreprise, vous offrant une tranquillit\u00e9 d\u2019esprit totale.<\/li>\n<\/ul>\n<\/li>\n<\/ul>\n","protected":false},"excerpt":{"rendered":"<p>Confiez-Moi la Gestion de Votre Paie en Toute Confiance ! La gestion de la paie peut \u00eatre compliqu\u00e9e et laborieuse, mais elle est essentielle pour le bon fonctionnement de votre entreprise et la satisfaction de vos employ\u00e9s. En tant que prestataire ind\u00e9pendante de services comptables, je vous propose de prendre en charge cette t\u00e2che d\u00e9licate [&hellip;]<\/p>\n","protected":false},"author":1,"featured_media":0,"parent":0,"menu_order":0,"comment_status":"closed","ping_status":"closed","template":"","meta":{"footnotes":""},"class_list":["post-476","page","type-page","status-publish","hentry"],"_links":{"self":[{"href":"https:\/\/vero-treuhand.ch\/index.php\/wp-json\/wp\/v2\/pages\/476","targetHints":{"allow":["GET"]}}],"collection":[{"href":"https:\/\/vero-treuhand.ch\/index.php\/wp-json\/wp\/v2\/pages"}],"about":[{"href":"https:\/\/vero-treuhand.ch\/index.php\/wp-json\/wp\/v2\/types\/page"}],"author":[{"embeddable":true,"href":"https:\/\/vero-treuhand.ch\/index.php\/wp-json\/wp\/v2\/users\/1"}],"replies":[{"embeddable":true,"href":"https:\/\/vero-treuhand.ch\/index.php\/wp-json\/wp\/v2\/comments?post=476"}],"version-history":[{"count":1,"href":"https:\/\/vero-treuhand.ch\/index.php\/wp-json\/wp\/v2\/pages\/476\/revisions"}],"predecessor-version":[{"id":477,"href":"https:\/\/vero-treuhand.ch\/index.php\/wp-json\/wp\/v2\/pages\/476\/revisions\/477"}],"wp:attachment":[{"href":"https:\/\/vero-treuhand.ch\/index.php\/wp-json\/wp\/v2\/media?parent=476"}],"curies":[{"name":"wp","href":"https:\/\/api.w.org\/{rel}","templated":true}]}}