{"id":470,"date":"2024-07-07T13:38:15","date_gmt":"2024-07-07T11:38:15","guid":{"rendered":"https:\/\/vero-treuhand.ch\/?page_id=470"},"modified":"2024-07-07T13:38:15","modified_gmt":"2024-07-07T11:38:15","slug":"comptabilite","status":"publish","type":"page","link":"https:\/\/vero-treuhand.ch\/index.php\/comptabilite\/","title":{"rendered":"Comptabilit\u00e9"},"content":{"rendered":"\n<p class=\"has-large-font-size\"><strong>Ne Soyez Plus Effray\u00e9s par la Comptabilit\u00e9, Je Suis L\u00e0 pour Vous !<\/strong><\/p>\n\n\n\n<p>La comptabilit\u00e9 peut sembler intimidante, complexe, et chronophage. Mais ne vous inqui\u00e9tez pas, je suis l\u00e0 pour vous accompagner et simplifier cette t\u00e2che essentielle pour vous. En tant que prestataire ind\u00e9pendante de services comptables, mon objectif est de vous offrir un soutien personnalis\u00e9 et de transformer la gestion de vos finances en une exp\u00e9rience positive et sans stress.<\/p>\n\n\n\n<ul class=\"wp-block-list\">\n<li><strong>Simplicit\u00e9 et Clart\u00e9<\/strong>\n<ul class=\"wp-block-list\">\n<li>Je m&rsquo;efforce de rendre la comptabilit\u00e9 aussi simple et compr\u00e9hensible que possible. Vous n&rsquo;avez pas besoin d&rsquo;\u00eatre un expert pour comprendre vos finances.<\/li>\n<\/ul>\n<\/li>\n\n\n\n<li><strong>Accompagnement Personnalis\u00e9<\/strong>\n<ul class=\"wp-block-list\">\n<li>Je suis l\u00e0 pour r\u00e9pondre \u00e0 toutes vos questions et vous guider \u00e0 chaque \u00e9tape. Ensemble, nous naviguerons dans le monde de la comptabilit\u00e9 sans difficult\u00e9.<\/li>\n<\/ul>\n<\/li>\n\n\n\n<li><strong>Gestion Efficace du Temps<\/strong>\n<ul class=\"wp-block-list\">\n<li>Laissez-moi g\u00e9rer les t\u00e2ches comptables fastidieuses pendant que vous vous concentrez sur ce que vous faites de mieux : d\u00e9velopper votre entreprise.<\/li>\n<\/ul>\n<\/li>\n\n\n\n<li><strong>Transparence et Confiance<\/strong>\n<ul class=\"wp-block-list\">\n<li>J&rsquo;assure une transparence totale dans la gestion de vos finances, vous donnant ainsi une confiance absolue en la sant\u00e9 financi\u00e8re de votre entreprise.<\/li>\n<\/ul>\n<\/li>\n<\/ul>\n","protected":false},"excerpt":{"rendered":"<p>Ne Soyez Plus Effray\u00e9s par la Comptabilit\u00e9, Je Suis L\u00e0 pour Vous ! La comptabilit\u00e9 peut sembler intimidante, complexe, et chronophage. Mais ne vous inqui\u00e9tez pas, je suis l\u00e0 pour vous accompagner et simplifier cette t\u00e2che essentielle pour vous. En tant que prestataire ind\u00e9pendante de services comptables, mon objectif est de vous offrir un soutien [&hellip;]<\/p>\n","protected":false},"author":1,"featured_media":0,"parent":0,"menu_order":0,"comment_status":"closed","ping_status":"closed","template":"","meta":{"footnotes":""},"class_list":["post-470","page","type-page","status-publish","hentry"],"_links":{"self":[{"href":"https:\/\/vero-treuhand.ch\/index.php\/wp-json\/wp\/v2\/pages\/470","targetHints":{"allow":["GET"]}}],"collection":[{"href":"https:\/\/vero-treuhand.ch\/index.php\/wp-json\/wp\/v2\/pages"}],"about":[{"href":"https:\/\/vero-treuhand.ch\/index.php\/wp-json\/wp\/v2\/types\/page"}],"author":[{"embeddable":true,"href":"https:\/\/vero-treuhand.ch\/index.php\/wp-json\/wp\/v2\/users\/1"}],"replies":[{"embeddable":true,"href":"https:\/\/vero-treuhand.ch\/index.php\/wp-json\/wp\/v2\/comments?post=470"}],"version-history":[{"count":1,"href":"https:\/\/vero-treuhand.ch\/index.php\/wp-json\/wp\/v2\/pages\/470\/revisions"}],"predecessor-version":[{"id":471,"href":"https:\/\/vero-treuhand.ch\/index.php\/wp-json\/wp\/v2\/pages\/470\/revisions\/471"}],"wp:attachment":[{"href":"https:\/\/vero-treuhand.ch\/index.php\/wp-json\/wp\/v2\/media?parent=470"}],"curies":[{"name":"wp","href":"https:\/\/api.w.org\/{rel}","templated":true}]}}