{"id":110,"date":"2024-06-26T10:22:13","date_gmt":"2024-06-26T08:22:13","guid":{"rendered":"https:\/\/vero-treuhand.ch\/?page_id=110"},"modified":"2024-06-30T23:01:05","modified_gmt":"2024-06-30T21:01:05","slug":"a-propos","status":"publish","type":"page","link":"https:\/\/vero-treuhand.ch\/index.php\/a-propos\/","title":{"rendered":"A propos"},"content":{"rendered":"\n<section class=\"wp-block-group alignfull has-global-padding is-layout-constrained wp-container-core-group-is-layout-608bbd49 wp-block-group-is-layout-constrained\" style=\"margin-top:0px;padding-top:6rem;padding-right:1rem;padding-bottom:5rem;padding-left:1rem;font-size:clamp(0.875rem, 0.875rem + ((1vw - 0.2rem) * 0.464), 1.13rem);font-style:normal;font-weight:400;line-height:1.4\">\n<div class=\"wp-block-columns is-layout-flex wp-container-core-columns-is-layout-03ad6a19 wp-block-columns-is-layout-flex\" style=\"margin-bottom:0px\">\n<div class=\"wp-block-column is-vertically-aligned-stretch has-global-padding is-layout-constrained wp-container-core-column-is-layout-c4a7d96a wp-block-column-is-layout-constrained\" style=\"flex-basis:50%\">\n<p class=\"has-large-font-size\"><strong>Pourquoi me choisir ?<\/strong><\/p>\n\n\n\n<p><\/p>\n\n\n\n<p><\/p>\n\n\n\n<p><\/p>\n\n\n\n<div class=\"wp-block-buttons is-horizontal is-content-justification-left is-layout-flex wp-container-core-buttons-is-layout-d3ece039 wp-block-buttons-is-layout-flex\" style=\"margin-top:0.51rem\"><\/div>\n\n\n\n<ul class=\"wp-block-list\">\n<li><strong>Exp\u00e9rience solide<\/strong> : Avec plus de 5 ans d&rsquo;exp\u00e9rience dans le domaine de la comptabilit\u00e9, j&rsquo;ai acquis une expertise pratique et efficace.<\/li>\n\n\n\n<li><strong>Prix attractifs<\/strong> : Profitez de services professionnels \u00e0 des tarifs comp\u00e9titifs, adapt\u00e9s \u00e0 votre budget.<\/li>\n\n\n\n<li><strong>Service personnalis\u00e9<\/strong> : J\u2019adapte mes services \u00e0 vos besoins sp\u00e9cifiques pour vous offrir des solutions sur mesure.<\/li>\n\n\n\n<li><strong>Confidentialit\u00e9 garantie<\/strong> : La s\u00e9curit\u00e9 et la confidentialit\u00e9 de vos informations financi\u00e8res sont ma priorit\u00e9.<\/li>\n\n\n\n<li><strong>Support r\u00e9actif<\/strong> : Un accompagnement disponible et r\u00e9actif pour r\u00e9pondre \u00e0 toutes vos questions et pr\u00e9occupations.<\/li>\n<\/ul>\n\n\n\n<p class=\"has-text-align-center\"><\/p>\n<\/div>\n\n\n\n<div class=\"wp-block-column is-vertically-aligned-bottom is-layout-flow wp-block-column-is-layout-flow\" style=\"flex-basis:50%\">\n<figure class=\"wp-block-image aligncenter size-large is-resized\"><img loading=\"lazy\" decoding=\"async\" width=\"1024\" height=\"1024\" src=\"https:\/\/vero-treuhand.ch\/wp-content\/uploads\/2024\/06\/Fichier-4-1-1024x1024.jpg\" alt=\"\" class=\"wp-image-342\" style=\"width:335px;height:auto\" srcset=\"https:\/\/vero-treuhand.ch\/wp-content\/uploads\/2024\/06\/Fichier-4-1-1024x1024.jpg 1024w, https:\/\/vero-treuhand.ch\/wp-content\/uploads\/2024\/06\/Fichier-4-1-300x300.jpg 300w, https:\/\/vero-treuhand.ch\/wp-content\/uploads\/2024\/06\/Fichier-4-1-150x150.jpg 150w, https:\/\/vero-treuhand.ch\/wp-content\/uploads\/2024\/06\/Fichier-4-1-768x768.jpg 768w, https:\/\/vero-treuhand.ch\/wp-content\/uploads\/2024\/06\/Fichier-4-1.jpg 1431w\" sizes=\"auto, (max-width: 1024px) 100vw, 1024px\" \/><\/figure>\n<\/div>\n<\/div>\n\n\n\n<h2 class=\"wp-block-heading has-text-align-center has-medium-font-size\"><strong>Je me d\u00e9place pour vous rencontrer et discuter de la mani\u00e8re dont je peux r\u00e9pondre \u00e0 vos besoins en mati\u00e8re de comptabilit\u00e9.<\/strong><\/h2>\n<\/section>\n\n\n\n<section class=\"wp-block-cover alignwide is-light\" style=\"margin-top:0px;padding-top:1.01rem;padding-bottom:1.01rem;min-height:324px;aspect-ratio:unset;\"><span aria-hidden=\"true\" class=\"wp-block-cover__background has-background-dim-0 has-background-dim\" style=\"background-color:#edf1f2\"><\/span><img loading=\"lazy\" decoding=\"async\" width=\"2560\" height=\"1707\" class=\"wp-block-cover__image-background wp-image-159\" alt=\"\" src=\"https:\/\/vero-treuhand.ch\/wp-content\/uploads\/2024\/06\/yellow-piggy-bank-blue-background-1-scaled.jpeg\" style=\"object-position:36% 57%\" data-object-fit=\"cover\" data-object-position=\"36% 57%\" srcset=\"https:\/\/vero-treuhand.ch\/wp-content\/uploads\/2024\/06\/yellow-piggy-bank-blue-background-1-scaled.jpeg 2560w, https:\/\/vero-treuhand.ch\/wp-content\/uploads\/2024\/06\/yellow-piggy-bank-blue-background-1-300x200.jpeg 300w, https:\/\/vero-treuhand.ch\/wp-content\/uploads\/2024\/06\/yellow-piggy-bank-blue-background-1-1024x683.jpeg 1024w, https:\/\/vero-treuhand.ch\/wp-content\/uploads\/2024\/06\/yellow-piggy-bank-blue-background-1-768x512.jpeg 768w, https:\/\/vero-treuhand.ch\/wp-content\/uploads\/2024\/06\/yellow-piggy-bank-blue-background-1-1536x1024.jpeg 1536w, https:\/\/vero-treuhand.ch\/wp-content\/uploads\/2024\/06\/yellow-piggy-bank-blue-background-1-2048x1365.jpeg 2048w\" sizes=\"auto, (max-width: 2560px) 100vw, 2560px\" \/><div class=\"wp-block-cover__inner-container has-global-padding is-layout-constrained wp-container-core-cover-is-layout-b1bebcb3 wp-block-cover-is-layout-constrained\">\n<p class=\"has-text-align-center has-large-font-size\"><\/p>\n<\/div><\/section>\n\n\n\n<p class=\"has-text-align-center\" style=\"font-size:clamp(15.197px, 0.95rem + ((1vw - 3.2px) * 0.887), 23px);\"><strong>Premi\u00e8re consultation gratuite et tarifs r\u00e9duits pour les nouveaux clients !<\/strong><\/p>\n","protected":false},"excerpt":{"rendered":"<p>Pourquoi me choisir ? Je me d\u00e9place pour vous rencontrer et discuter de la mani\u00e8re dont je peux r\u00e9pondre \u00e0 vos besoins en mati\u00e8re de comptabilit\u00e9. Premi\u00e8re consultation gratuite et tarifs r\u00e9duits pour les nouveaux clients !<\/p>\n","protected":false},"author":1,"featured_media":0,"parent":0,"menu_order":0,"comment_status":"closed","ping_status":"closed","template":"","meta":{"footnotes":""},"class_list":["post-110","page","type-page","status-publish","hentry"],"_links":{"self":[{"href":"https:\/\/vero-treuhand.ch\/index.php\/wp-json\/wp\/v2\/pages\/110","targetHints":{"allow":["GET"]}}],"collection":[{"href":"https:\/\/vero-treuhand.ch\/index.php\/wp-json\/wp\/v2\/pages"}],"about":[{"href":"https:\/\/vero-treuhand.ch\/index.php\/wp-json\/wp\/v2\/types\/page"}],"author":[{"embeddable":true,"href":"https:\/\/vero-treuhand.ch\/index.php\/wp-json\/wp\/v2\/users\/1"}],"replies":[{"embeddable":true,"href":"https:\/\/vero-treuhand.ch\/index.php\/wp-json\/wp\/v2\/comments?post=110"}],"version-history":[{"count":42,"href":"https:\/\/vero-treuhand.ch\/index.php\/wp-json\/wp\/v2\/pages\/110\/revisions"}],"predecessor-version":[{"id":428,"href":"https:\/\/vero-treuhand.ch\/index.php\/wp-json\/wp\/v2\/pages\/110\/revisions\/428"}],"wp:attachment":[{"href":"https:\/\/vero-treuhand.ch\/index.php\/wp-json\/wp\/v2\/media?parent=110"}],"curies":[{"name":"wp","href":"https:\/\/api.w.org\/{rel}","templated":true}]}}