{"id":107,"date":"2024-06-26T10:21:16","date_gmt":"2024-06-26T08:21:16","guid":{"rendered":"https:\/\/vero-treuhand.ch\/?page_id=107"},"modified":"2024-07-07T13:45:21","modified_gmt":"2024-07-07T11:45:21","slug":"accueil","status":"publish","type":"page","link":"https:\/\/vero-treuhand.ch\/","title":{"rendered":""},"content":{"rendered":"\n<p><\/p>\n\n\n\n<p><\/p>\n\n\n\n<p><\/p>\n\n\n\n<p class=\"has-background\" style=\"background-color:#ffffff\"><\/p>\n\n\n\n<p><\/p>\n\n\n\n<figure class=\"wp-block-image size-full\"><img loading=\"lazy\" decoding=\"async\" width=\"230\" height=\"36\" src=\"https:\/\/vero-treuhand.ch\/wp-content\/uploads\/2024\/06\/Fichier-30.jpg\" alt=\"\" class=\"wp-image-454\"\/><\/figure>\n\n\n\n<p><\/p>\n\n\n\n<p><\/p>\n\n\n\n<p><\/p>\n\n\n\n<p><\/p>\n\n\n\n<div class=\"wp-block-cover alignfull is-light\" style=\"padding-top:3.51rem;padding-right:0px;padding-bottom:2.01rem;padding-left:0px\"><span aria-hidden=\"true\" class=\"wp-block-cover__background has-background-dim-100 has-background-dim\" style=\"background-color:#fff3ea\"><\/span><div class=\"wp-block-cover__inner-container is-layout-flow wp-block-cover-is-layout-flow\">\n<div class=\"wp-block-group alignfull is-layout-flow wp-block-group-is-layout-flow\" style=\"margin-top:0px;margin-bottom:0px;padding-top:0rem;padding-right:1px;padding-bottom:2.01rem;padding-left:1px\">\n<div class=\"wp-block-columns alignfull is-layout-flex wp-container-core-columns-is-layout-35290b6f wp-block-columns-is-layout-flex\" style=\"padding-top:0rem\">\n<div class=\"wp-block-column is-layout-flow wp-block-column-is-layout-flow\" style=\"padding-top:1rem;padding-right:0rem;padding-bottom:1rem;padding-left:0rem\">\n<div class=\"wp-block-cover is-light\" style=\"border-radius:35px;padding-right:0.51rem;padding-left:0.51rem;min-height:390px;aspect-ratio:unset;\"><span aria-hidden=\"true\" class=\"wp-block-cover__background has-background-dim-0 has-background-dim\" style=\"background-color:#a08d87\"><\/span><img loading=\"lazy\" decoding=\"async\" width=\"2560\" height=\"1707\" class=\"wp-block-cover__image-background wp-image-131\" alt=\"\" src=\"https:\/\/vero-treuhand.ch\/wp-content\/uploads\/2024\/06\/still-life-business-roles-with-various-mechanism-pieces-scaled.jpeg\" data-object-fit=\"cover\" srcset=\"https:\/\/vero-treuhand.ch\/wp-content\/uploads\/2024\/06\/still-life-business-roles-with-various-mechanism-pieces-scaled.jpeg 2560w, https:\/\/vero-treuhand.ch\/wp-content\/uploads\/2024\/06\/still-life-business-roles-with-various-mechanism-pieces-300x200.jpeg 300w, https:\/\/vero-treuhand.ch\/wp-content\/uploads\/2024\/06\/still-life-business-roles-with-various-mechanism-pieces-1024x683.jpeg 1024w, https:\/\/vero-treuhand.ch\/wp-content\/uploads\/2024\/06\/still-life-business-roles-with-various-mechanism-pieces-768x512.jpeg 768w, https:\/\/vero-treuhand.ch\/wp-content\/uploads\/2024\/06\/still-life-business-roles-with-various-mechanism-pieces-1536x1024.jpeg 1536w, https:\/\/vero-treuhand.ch\/wp-content\/uploads\/2024\/06\/still-life-business-roles-with-various-mechanism-pieces-2048x1365.jpeg 2048w\" sizes=\"auto, (max-width: 2560px) 100vw, 2560px\" \/><div class=\"wp-block-cover__inner-container has-global-padding is-layout-constrained wp-container-core-cover-is-layout-1a3bd245 wp-block-cover-is-layout-constrained\">\n<h3 class=\"wp-block-heading has-text-align-center has-text-color has-background\" style=\"color:#fffffd;background-color:#757272db;font-size:clamp(1.507rem, 1.507rem + ((1vw - 0.2rem) * 1.824), 2.51rem);\"><a href=\"https:\/\/vero-treuhand.ch\/index.php\/comptabilite\/\" data-type=\"page\" data-id=\"470\">Comptabilit\u00e9<\/a><\/h3>\n<\/div><\/div>\n<\/div>\n\n\n\n<div class=\"wp-block-column is-layout-flow wp-block-column-is-layout-flow\" style=\"padding-top:1rem;padding-right:0rem;padding-bottom:1rem;padding-left:0rem\">\n<div class=\"wp-block-cover is-light\" style=\"border-radius:35px;padding-right:0.51rem;padding-left:0.51rem;min-height:390px;aspect-ratio:unset;\"><span aria-hidden=\"true\" class=\"wp-block-cover__background has-background-dim-0 has-background-dim\" style=\"background-color:#b1a8b0\"><\/span><img loading=\"lazy\" decoding=\"async\" width=\"1707\" height=\"2560\" class=\"wp-block-cover__image-background wp-image-134\" alt=\"\" src=\"https:\/\/vero-treuhand.ch\/wp-content\/uploads\/2024\/06\/alexander-grey-tn57JI3CewI-unsplash-scaled.jpeg\" data-object-fit=\"cover\" srcset=\"https:\/\/vero-treuhand.ch\/wp-content\/uploads\/2024\/06\/alexander-grey-tn57JI3CewI-unsplash-scaled.jpeg 1707w, https:\/\/vero-treuhand.ch\/wp-content\/uploads\/2024\/06\/alexander-grey-tn57JI3CewI-unsplash-200x300.jpeg 200w, https:\/\/vero-treuhand.ch\/wp-content\/uploads\/2024\/06\/alexander-grey-tn57JI3CewI-unsplash-683x1024.jpeg 683w, https:\/\/vero-treuhand.ch\/wp-content\/uploads\/2024\/06\/alexander-grey-tn57JI3CewI-unsplash-768x1152.jpeg 768w, https:\/\/vero-treuhand.ch\/wp-content\/uploads\/2024\/06\/alexander-grey-tn57JI3CewI-unsplash-1024x1536.jpeg 1024w, https:\/\/vero-treuhand.ch\/wp-content\/uploads\/2024\/06\/alexander-grey-tn57JI3CewI-unsplash-1365x2048.jpeg 1365w\" sizes=\"auto, (max-width: 1707px) 100vw, 1707px\" \/><div class=\"wp-block-cover__inner-container has-global-padding is-layout-constrained wp-container-core-cover-is-layout-1a3bd245 wp-block-cover-is-layout-constrained\">\n<h3 class=\"wp-block-heading has-text-align-center has-text-color has-background\" style=\"color:#fffffd;background-color:#d9d757b8;font-size:clamp(1.507rem, 1.507rem + ((1vw - 0.2rem) * 1.824), 2.51rem);\"><a href=\"https:\/\/vero-treuhand.ch\/index.php\/fiscalite\/\" data-type=\"page\" data-id=\"474\">Fiscalit\u00e9<\/a><\/h3>\n<\/div><\/div>\n<\/div>\n\n\n\n<div class=\"wp-block-column is-layout-flow wp-block-column-is-layout-flow\" style=\"padding-top:1rem;padding-right:0rem;padding-bottom:1rem;padding-left:0rem\">\n<div class=\"wp-block-cover is-light\" style=\"border-radius:35px;padding-right:0.51rem;padding-left:0.51rem;min-height:390px;aspect-ratio:unset;\"><span aria-hidden=\"true\" class=\"wp-block-cover__background has-background-dim-0 has-background-dim\" style=\"background-color:#f5e4e7\"><\/span><img loading=\"lazy\" decoding=\"async\" width=\"2560\" height=\"1709\" class=\"wp-block-cover__image-background wp-image-132\" alt=\"\" src=\"https:\/\/vero-treuhand.ch\/wp-content\/uploads\/2024\/06\/idea-icon-adhesive-note-with-paperclip-crumpled-paper-card-paper-white-desk-scaled.jpeg\" data-object-fit=\"cover\" srcset=\"https:\/\/vero-treuhand.ch\/wp-content\/uploads\/2024\/06\/idea-icon-adhesive-note-with-paperclip-crumpled-paper-card-paper-white-desk-scaled.jpeg 2560w, https:\/\/vero-treuhand.ch\/wp-content\/uploads\/2024\/06\/idea-icon-adhesive-note-with-paperclip-crumpled-paper-card-paper-white-desk-300x200.jpeg 300w, https:\/\/vero-treuhand.ch\/wp-content\/uploads\/2024\/06\/idea-icon-adhesive-note-with-paperclip-crumpled-paper-card-paper-white-desk-1024x684.jpeg 1024w, https:\/\/vero-treuhand.ch\/wp-content\/uploads\/2024\/06\/idea-icon-adhesive-note-with-paperclip-crumpled-paper-card-paper-white-desk-768x513.jpeg 768w, https:\/\/vero-treuhand.ch\/wp-content\/uploads\/2024\/06\/idea-icon-adhesive-note-with-paperclip-crumpled-paper-card-paper-white-desk-1536x1025.jpeg 1536w, https:\/\/vero-treuhand.ch\/wp-content\/uploads\/2024\/06\/idea-icon-adhesive-note-with-paperclip-crumpled-paper-card-paper-white-desk-2048x1367.jpeg 2048w\" sizes=\"auto, (max-width: 2560px) 100vw, 2560px\" \/><div class=\"wp-block-cover__inner-container has-global-padding is-layout-constrained wp-container-core-cover-is-layout-1a3bd245 wp-block-cover-is-layout-constrained\">\n<h3 class=\"wp-block-heading has-text-align-center has-text-color has-background has-link-color wp-elements-2f3530d397e73849429455236a6ed35e\" style=\"color:#ffffff;background-color:#f536df82;font-size:clamp(1.507rem, 1.507rem + ((1vw - 0.2rem) * 1.824), 2.51rem);\"><a href=\"https:\/\/vero-treuhand.ch\/index.php\/salaire\/\" data-type=\"page\" data-id=\"476\">Salaire<\/a><\/h3>\n<\/div><\/div>\n<\/div>\n<\/div>\n<\/div>\n<\/div><\/div>\n\n\n\n<section class=\"wp-block-group alignfull has-global-padding is-layout-constrained wp-container-core-group-is-layout-05455e64 wp-block-group-is-layout-constrained\" style=\"margin-top:0px;padding-top:6rem;padding-right:1rem;padding-bottom:4.5rem;padding-left:1rem;font-size:clamp(0.875rem, 0.875rem + ((1vw - 0.2rem) * 0.464), 1.13rem);font-style:normal;font-weight:400;line-height:1.4\">\n<div class=\"wp-block-columns is-layout-flex wp-container-core-columns-is-layout-2e7296b4 wp-block-columns-is-layout-flex\" style=\"margin-bottom:0px\">\n<div class=\"wp-block-column is-vertically-aligned-center is-layout-flow wp-block-column-is-layout-flow\" style=\"padding-right:1rem;padding-left:1rem;flex-basis:35%\">\n<figure class=\"wp-block-image aligncenter size-full is-resized has-custom-border\"><img loading=\"lazy\" decoding=\"async\" width=\"740\" height=\"1109\" src=\"https:\/\/vero-treuhand.ch\/wp-content\/uploads\/2024\/06\/yellow-dart-arrow-hitting-center-dartboard_1150-1801.avif\" alt=\"\" class=\"wp-image-173\" style=\"border-width:4px;border-radius:28px;width:278px;height:auto\"\/><\/figure>\n<\/div>\n\n\n\n<div class=\"wp-block-column has-global-padding is-layout-constrained wp-container-core-column-is-layout-b4ec969c wp-block-column-is-layout-constrained\" style=\"padding-top:2.01rem\">\n<div class=\"wp-block-group has-global-padding is-layout-constrained wp-container-core-group-is-layout-dca71664 wp-block-group-is-layout-constrained\" style=\"min-height:100%\">\n<h3 class=\"wp-block-heading has-text-align-center has-text-color\" style=\"color:#010101;margin-top:0.5rem;margin-bottom:0rem;font-size:clamp(1.556rem, 1.556rem + ((1vw - 0.2rem) * 1.916), 2.61rem);font-style:normal;font-weight:500;letter-spacing:0px;line-height:1.3\">Votre Succ\u00e8s Financier<\/h3>\n\n\n\n<p><\/p>\n\n\n\n<p><\/p>\n\n\n\n<p><\/p>\n\n\n\n<p><\/p>\n\n\n\n<div class=\"wp-block-group is-vertical is-content-justification-stretch is-layout-flex wp-container-core-group-is-layout-53ad70e0 wp-block-group-is-layout-flex\" style=\"margin-top:1.61rem;padding-right:0px;padding-left:0px\">\n<div class=\"wp-block-group has-global-padding is-content-justification-center is-layout-constrained wp-container-core-group-is-layout-2f0bcb29 wp-block-group-is-layout-constrained\" style=\"margin-top:0px\">\n<div class=\"wp-block-buttons is-horizontal is-content-justification-right is-layout-flex wp-container-core-buttons-is-layout-099266fd wp-block-buttons-is-layout-flex\" style=\"margin-top:0.51rem\"><\/div>\n<\/div>\n<\/div>\n\n\n\n<p class=\"has-text-align-center has-text-color\" style=\"color:#010101;margin-top:0rem;font-size:clamp(0.875rem, 0.875rem + ((1vw - 0.2rem) * 0.245), 1.01rem);font-style:normal;font-weight:400;line-height:1.5\">Chez Vero-Treuhand, nous comprenons que la gestion financi\u00e8re peut \u00eatre un d\u00e9fi. C\u02bcest pourquoi nous nous engageons \u00e0 vous offrir des solutions comptables personnalis\u00e9es \u00e0 des prix tr\u00e8s attractifs. Notre objectif est de vous accompagner dans la gestion de vos finances pour que vous puissiez vous concentrer sur ce qui compte le plus pour vous.<\/p>\n<\/div>\n<\/div>\n<\/div>\n<\/section>\n\n\n\n<p><\/p>\n\n\n\n<p class=\"has-text-align-center has-text-color has-link-color has-medium-font-size wp-elements-bc3af2dd8f646d0fc84999cb387c768a\" style=\"color:#1ca359\"><strong>Vero-Treuhand + Consulting V\u00e9ronique Joannes<\/strong><\/p>\n\n\n\n<p class=\"has-text-align-center has-text-color has-link-color wp-elements-cf9d19a1d4d5a1dac6f028a452fcc158\" style=\"color:#1ca359;font-size:clamp(14px, 0.875rem + ((1vw - 3.2px) * 0.568), 19px);\"><strong>Votre partenaire de confiance pour une gestion comptable sans souci ! <\/strong>  <\/p>\n","protected":false},"excerpt":{"rendered":"<p>Votre Succ\u00e8s Financier Chez Vero-Treuhand, nous comprenons que la gestion financi\u00e8re peut \u00eatre un d\u00e9fi. C\u02bcest pourquoi nous nous engageons \u00e0 vous offrir des solutions comptables personnalis\u00e9es \u00e0 des prix tr\u00e8s attractifs. Notre objectif est de vous accompagner dans la gestion de vos finances pour que vous puissiez vous concentrer sur ce qui compte le [&hellip;]<\/p>\n","protected":false},"author":1,"featured_media":0,"parent":0,"menu_order":0,"comment_status":"closed","ping_status":"closed","template":"","meta":{"footnotes":""},"class_list":["post-107","page","type-page","status-publish","hentry"],"_links":{"self":[{"href":"https:\/\/vero-treuhand.ch\/index.php\/wp-json\/wp\/v2\/pages\/107","targetHints":{"allow":["GET"]}}],"collection":[{"href":"https:\/\/vero-treuhand.ch\/index.php\/wp-json\/wp\/v2\/pages"}],"about":[{"href":"https:\/\/vero-treuhand.ch\/index.php\/wp-json\/wp\/v2\/types\/page"}],"author":[{"embeddable":true,"href":"https:\/\/vero-treuhand.ch\/index.php\/wp-json\/wp\/v2\/users\/1"}],"replies":[{"embeddable":true,"href":"https:\/\/vero-treuhand.ch\/index.php\/wp-json\/wp\/v2\/comments?post=107"}],"version-history":[{"count":92,"href":"https:\/\/vero-treuhand.ch\/index.php\/wp-json\/wp\/v2\/pages\/107\/revisions"}],"predecessor-version":[{"id":479,"href":"https:\/\/vero-treuhand.ch\/index.php\/wp-json\/wp\/v2\/pages\/107\/revisions\/479"}],"wp:attachment":[{"href":"https:\/\/vero-treuhand.ch\/index.php\/wp-json\/wp\/v2\/media?parent=107"}],"curies":[{"name":"wp","href":"https:\/\/api.w.org\/{rel}","templated":true}]}}